{"id":20,"date":"2022-07-29T14:50:01","date_gmt":"2022-07-29T14:50:01","guid":{"rendered":"https:\/\/fasteignin.is\/?page_id=20"},"modified":"2022-08-04T14:50:45","modified_gmt":"2022-08-04T14:50:45","slug":"about","status":"publish","type":"page","link":"https:\/\/fasteignin.is\/?page_id=20","title":{"rendered":"Uppl\u00fdsingar"},"content":{"rendered":"\n<p class=\"has-text-align-center\">R\u00fanar \u00d6rn Rafnsson er l\u00f6ggiltur fasteignasali og starfar hj\u00e1 Fasteignas\u00f6lunni Grafarvogi, Hverafold 1-3, 112 Reykjav\u00edk<\/p>\n\n\n\n<p class=\"has-text-align-center\"><strong>s\u00edmi: 771-5600  \/  runar@fastgraf.is<\/strong><\/p>\n\n\n\n<figure class=\"wp-block-image size-full\"><img loading=\"lazy\" decoding=\"async\" width=\"700\" height=\"346\" src=\"https:\/\/fasteignin.is\/wp-content\/uploads\/2022\/07\/cropped-Logo-svart-med-adressu-facebook2.jpg\" alt=\"\" class=\"wp-image-60\" srcset=\"https:\/\/fasteignin.is\/wp-content\/uploads\/2022\/07\/cropped-Logo-svart-med-adressu-facebook2.jpg 700w, https:\/\/fasteignin.is\/wp-content\/uploads\/2022\/07\/cropped-Logo-svart-med-adressu-facebook2-300x148.jpg 300w\" sizes=\"auto, (max-width: 700px) 100vw, 700px\" \/><figcaption><a href=\"http:\/\/www.fastgraf.is\" target=\"_blank\" rel=\"noreferrer noopener\">Fasteignasalan Grafarvogi<\/a><\/figcaption><\/figure>\n\n\n\n<p><\/p>\n\n\n\n<p><strong>Hven\u00e6r er opnunart\u00edmi \u00e1 fasteignas\u00f6lunni?<\/strong><br>&#8211; Vi\u00f0 \u00e1 Fasteignas\u00f6lunni Grafarvogi erum oftast vi\u00f0 \u00e1 skrifstofunni, en e\u00f0li m\u00e1lsins samkv\u00e6mt \u00feurfum vi\u00f0 stundum a\u00f0 breg\u00f0a okkur \u00far h\u00fasi. \u00deessvegna er alltaf best a\u00f0 hafa samband \u00e1\u00f0ur svo \u00fea\u00f0 s\u00e9 n\u00fa \u00f6rugglega heitt \u00e1 k\u00f6nnunni.<\/p>\n\n\n\n<p>Eigandi Fasteignas\u00f6lu Grafarvogs er J\u00f3sep Gr\u00edmsson, l\u00f6ggiltur fasteignasali. Heimas\u00ed\u00f0an er: <a href=\"http:\/\/www.fastgraf.is\" data-type=\"URL\" data-id=\"www.fastgraf.is\" target=\"_blank\" rel=\"noreferrer noopener\">www.fastgraf.is<\/a><\/p>\n","protected":false},"excerpt":{"rendered":"<p>R\u00fanar \u00d6rn Rafnsson er l\u00f6ggiltur fasteignasali og starfar hj\u00e1 Fasteignas\u00f6lunni Grafarvogi, Hverafold 1-3, 112 Reykjav\u00edk s\u00edmi: 771-5600 \/ runar@fastgraf.is Hven\u00e6r er opnunart\u00edmi \u00e1 fasteignas\u00f6lunni?&#8211; Vi\u00f0 \u00e1 Fasteignas\u00f6lunni Grafarvogi erum oftast vi\u00f0 \u00e1 skrifstofunni, en e\u00f0li m\u00e1lsins samkv\u00e6mt \u00feurfum vi\u00f0 stundum a\u00f0 breg\u00f0a okkur \u00far h\u00fasi. \u00deessvegna er alltaf best a\u00f0 hafa samband \u00e1\u00f0ur svo \u00fea\u00f0 [&hellip;]<\/p>\n","protected":false},"author":1,"featured_media":0,"parent":0,"menu_order":0,"comment_status":"closed","ping_status":"closed","template":"","meta":{"footnotes":""},"class_list":["post-20","page","type-page","status-publish","hentry"],"_links":{"self":[{"href":"https:\/\/fasteignin.is\/index.php?rest_route=\/wp\/v2\/pages\/20","targetHints":{"allow":["GET"]}}],"collection":[{"href":"https:\/\/fasteignin.is\/index.php?rest_route=\/wp\/v2\/pages"}],"about":[{"href":"https:\/\/fasteignin.is\/index.php?rest_route=\/wp\/v2\/types\/page"}],"author":[{"embeddable":true,"href":"https:\/\/fasteignin.is\/index.php?rest_route=\/wp\/v2\/users\/1"}],"replies":[{"embeddable":true,"href":"https:\/\/fasteignin.is\/index.php?rest_route=%2Fwp%2Fv2%2Fcomments&post=20"}],"version-history":[{"count":18,"href":"https:\/\/fasteignin.is\/index.php?rest_route=\/wp\/v2\/pages\/20\/revisions"}],"predecessor-version":[{"id":117,"href":"https:\/\/fasteignin.is\/index.php?rest_route=\/wp\/v2\/pages\/20\/revisions\/117"}],"wp:attachment":[{"href":"https:\/\/fasteignin.is\/index.php?rest_route=%2Fwp%2Fv2%2Fmedia&parent=20"}],"curies":[{"name":"wp","href":"https:\/\/api.w.org\/{rel}","templated":true}]}}