{"id":3,"date":"2022-07-29T11:19:58","date_gmt":"2022-07-29T11:19:58","guid":{"rendered":"https:\/\/fasteignin.is\/?page_id=3"},"modified":"2024-02-21T14:53:07","modified_gmt":"2024-02-21T14:53:07","slug":"privacy-policy","status":"publish","type":"page","link":"https:\/\/fasteignin.is\/?page_id=3","title":{"rendered":"Fri\u00f0helgisstefna"},"content":{"rendered":"\n<h2 class=\"wp-block-heading\">Hver \u00e1 \u00feessa s\u00ed\u00f0u<\/h2>\n\n\n\n<p>R\u00fanar \u00d6rn Rafnsson er l\u00f6ggiltur fasteignasali hj\u00e1 Fasteignas\u00f6lunni Grafarvogi. \u00deetta er hans einkas\u00ed\u00f0a \/\/fasteignin.is. Heimas\u00ed\u00f0a fasteignas\u00f6lu Grafarvogs er hinsvegar <a href=\"https:\/\/www.fastgraf.is\/\" data-type=\"URL\" data-id=\"https:\/\/www.fastgraf.is\/\" target=\"_blank\" rel=\"noreferrer noopener\">h\u00e9r<\/a><\/p>\n\n\n\n<h2 class=\"wp-block-heading\">Athugasemdir og skilabo\u00f0<\/h2>\n\n\n\n<p>Ef \u00fe\u00fa skilur eftir athugasemd \u00e1 s\u00ed\u00f0unni \u00fe\u00e1 er s\u00fa athugasemd algj\u00f6rlega \u00e1 \u00fe\u00edna eigin \u00e1byrg\u00f0. Athugasemdir sem eru skrifa\u00f0ar \u00e1 opinberan hluta s\u00ed\u00f0unnar munu birtast \u00f6llum, en eigandi s\u00ed\u00f0unna \u00e1skilur s\u00e9r \u00fe\u00f3 r\u00e9tt til a\u00f0 ey\u00f0a \u00feeim ef honum \u00feykir \u00e1st\u00e6\u00f0a til. Skilabo\u00f0 sem send eru sem einkaskilabo\u00f0 til eiganda s\u00ed\u00f0unnar munu a\u00f0 sj\u00e1lfs\u00f6g\u00f0u vera skilgreind sem einkaskilabo\u00f0 og fari\u00f0 ver\u00f0ur me\u00f0 allt sl\u00edkt me\u00f0 fullum tr\u00fana\u00f0i.<\/p>\n\n\n\n<h2 class=\"wp-block-heading\">Myndir og anna\u00f0 efni<\/h2>\n\n\n\n<p>Ef \u00fe\u00fa sendir mynd e\u00f0a anna\u00f0 sl\u00edkt efni inn \u00e1 s\u00ed\u00f0una \u00fe\u00e1 \u00e1skilur eigandi s\u00ed\u00f0unnar s\u00e9r r\u00e9tt til a\u00f0 nota \u00fe\u00e1 mynd e\u00f0a \u00fea\u00f0 efni ef honum s\u00fdnist svo. Hann \u00e1skilur s\u00e9r l\u00edka allan r\u00e9tt til a\u00f0 ey\u00f0a sl\u00edku efni ef svo ber undir.<\/p>\n\n\n\n<h2 class=\"wp-block-heading\">Sm\u00e1k\u00f6kur<\/h2>\n\n\n\n<p>Eigandi \u00feessarar s\u00ed\u00f0u safnar engum sm\u00e1k\u00f6kum fr\u00e1 \u00feeim sem s\u00ed\u00f0una sko\u00f0a e\u00f0a skrifa athugasemdir. Hinsvegar finnst eiganda s\u00ed\u00f0unnar sm\u00e1k\u00f6kur yfirleitt g\u00f3ms\u00e6tar og v\u00e6ri alveg til \u00ed einhverjar g\u00f3\u00f0ar uppskriftir!<\/p>\n\n\n\n<p> <\/p>\n","protected":false},"excerpt":{"rendered":"<p>Hver \u00e1 \u00feessa s\u00ed\u00f0u R\u00fanar \u00d6rn Rafnsson er l\u00f6ggiltur fasteignasali hj\u00e1 Fasteignas\u00f6lunni Grafarvogi. \u00deetta er hans einkas\u00ed\u00f0a \/\/fasteignin.is. Heimas\u00ed\u00f0a fasteignas\u00f6lu Grafarvogs er hinsvegar h\u00e9r Athugasemdir og skilabo\u00f0 Ef \u00fe\u00fa skilur eftir athugasemd \u00e1 s\u00ed\u00f0unni \u00fe\u00e1 er s\u00fa athugasemd algj\u00f6rlega \u00e1 \u00fe\u00edna eigin \u00e1byrg\u00f0. Athugasemdir sem eru skrifa\u00f0ar \u00e1 opinberan hluta s\u00ed\u00f0unnar munu birtast \u00f6llum, en [&hellip;]<\/p>\n","protected":false},"author":1,"featured_media":0,"parent":0,"menu_order":0,"comment_status":"closed","ping_status":"open","template":"","meta":{"footnotes":""},"class_list":["post-3","page","type-page","status-publish","hentry"],"_links":{"self":[{"href":"https:\/\/fasteignin.is\/index.php?rest_route=\/wp\/v2\/pages\/3","targetHints":{"allow":["GET"]}}],"collection":[{"href":"https:\/\/fasteignin.is\/index.php?rest_route=\/wp\/v2\/pages"}],"about":[{"href":"https:\/\/fasteignin.is\/index.php?rest_route=\/wp\/v2\/types\/page"}],"author":[{"embeddable":true,"href":"https:\/\/fasteignin.is\/index.php?rest_route=\/wp\/v2\/users\/1"}],"replies":[{"embeddable":true,"href":"https:\/\/fasteignin.is\/index.php?rest_route=%2Fwp%2Fv2%2Fcomments&post=3"}],"version-history":[{"count":4,"href":"https:\/\/fasteignin.is\/index.php?rest_route=\/wp\/v2\/pages\/3\/revisions"}],"predecessor-version":[{"id":130,"href":"https:\/\/fasteignin.is\/index.php?rest_route=\/wp\/v2\/pages\/3\/revisions\/130"}],"wp:attachment":[{"href":"https:\/\/fasteignin.is\/index.php?rest_route=%2Fwp%2Fv2%2Fmedia&parent=3"}],"curies":[{"name":"wp","href":"https:\/\/api.w.org\/{rel}","templated":true}]}}