{"id":85,"date":"2022-08-02T10:24:37","date_gmt":"2022-08-02T10:24:37","guid":{"rendered":"https:\/\/fasteignin.is\/?page_id=85"},"modified":"2022-08-02T10:24:37","modified_gmt":"2022-08-02T10:24:37","slug":"onnur-mal","status":"publish","type":"page","link":"https:\/\/fasteignin.is\/?page_id=85","title":{"rendered":"\u00d6nnur m\u00e1l"},"content":{"rendered":"\n<p>R\u00fanar \u00d6rn er n\u00e1tt\u00farulega ekki bara fasteignasali. Hann er einnig DJ, e\u00f0a pl\u00f6tusn\u00fa\u00f0ur og hefur starfa\u00f0 sem sl\u00edkur \u00ed meira en \u00ferj\u00e1t\u00edu og fimm \u00e1r.<\/p>\n\n\n\n<p><a href=\"https:\/\/www.facebook.com\/djrunarrafns\" data-type=\"URL\" data-id=\"https:\/\/www.facebook.com\/djrunarrafns\" target=\"_blank\" rel=\"noreferrer noopener\">H\u00e9r<\/a> er facebook s\u00ed\u00f0a fyrir DJ R\u00fanar<\/p>\n\n\n\n<p><a href=\"https:\/\/www.rrmix.net\/\" data-type=\"URL\" data-id=\"https:\/\/www.rrmix.net\/\" target=\"_blank\" rel=\"noreferrer noopener\">H\u00e9r<\/a> er heimas\u00ed\u00f0a fyrir DJ R\u00fanar<\/p>\n\n\n\n<figure class=\"wp-block-image size-large\"><img loading=\"lazy\" decoding=\"async\" width=\"576\" height=\"1024\" src=\"https:\/\/fasteignin.is\/wp-content\/uploads\/2022\/08\/DJ-Runar-he-se-stud-copy-576x1024.jpg\" alt=\"\" class=\"wp-image-86\" srcset=\"https:\/\/fasteignin.is\/wp-content\/uploads\/2022\/08\/DJ-Runar-he-se-stud-copy-576x1024.jpg 576w, https:\/\/fasteignin.is\/wp-content\/uploads\/2022\/08\/DJ-Runar-he-se-stud-copy-169x300.jpg 169w, https:\/\/fasteignin.is\/wp-content\/uploads\/2022\/08\/DJ-Runar-he-se-stud-copy-768x1365.jpg 768w, https:\/\/fasteignin.is\/wp-content\/uploads\/2022\/08\/DJ-Runar-he-se-stud-copy-864x1536.jpg 864w, https:\/\/fasteignin.is\/wp-content\/uploads\/2022\/08\/DJ-Runar-he-se-stud-copy.jpg 1080w\" sizes=\"auto, (max-width: 576px) 100vw, 576px\" \/><\/figure>\n","protected":false},"excerpt":{"rendered":"<p>R\u00fanar \u00d6rn er n\u00e1tt\u00farulega ekki bara fasteignasali. Hann er einnig DJ, e\u00f0a pl\u00f6tusn\u00fa\u00f0ur og hefur starfa\u00f0 sem sl\u00edkur \u00ed meira en \u00ferj\u00e1t\u00edu og fimm \u00e1r. H\u00e9r er facebook s\u00ed\u00f0a fyrir DJ R\u00fanar H\u00e9r er heimas\u00ed\u00f0a fyrir DJ R\u00fanar<\/p>\n","protected":false},"author":1,"featured_media":0,"parent":0,"menu_order":0,"comment_status":"closed","ping_status":"closed","template":"","meta":{"footnotes":""},"class_list":["post-85","page","type-page","status-publish","hentry"],"_links":{"self":[{"href":"https:\/\/fasteignin.is\/index.php?rest_route=\/wp\/v2\/pages\/85","targetHints":{"allow":["GET"]}}],"collection":[{"href":"https:\/\/fasteignin.is\/index.php?rest_route=\/wp\/v2\/pages"}],"about":[{"href":"https:\/\/fasteignin.is\/index.php?rest_route=\/wp\/v2\/types\/page"}],"author":[{"embeddable":true,"href":"https:\/\/fasteignin.is\/index.php?rest_route=\/wp\/v2\/users\/1"}],"replies":[{"embeddable":true,"href":"https:\/\/fasteignin.is\/index.php?rest_route=%2Fwp%2Fv2%2Fcomments&post=85"}],"version-history":[{"count":1,"href":"https:\/\/fasteignin.is\/index.php?rest_route=\/wp\/v2\/pages\/85\/revisions"}],"predecessor-version":[{"id":87,"href":"https:\/\/fasteignin.is\/index.php?rest_route=\/wp\/v2\/pages\/85\/revisions\/87"}],"wp:attachment":[{"href":"https:\/\/fasteignin.is\/index.php?rest_route=%2Fwp%2Fv2%2Fmedia&parent=85"}],"curies":[{"name":"wp","href":"https:\/\/api.w.org\/{rel}","templated":true}]}}